{"id":5,"date":"2025-09-25T13:48:14","date_gmt":"2025-09-25T11:48:14","guid":{"rendered":"https:\/\/piekielnica.pl\/?page_id=5"},"modified":"2025-09-25T14:20:38","modified_gmt":"2025-09-25T12:20:38","slug":"projekty","status":"publish","type":"page","link":"https:\/\/piekielnica.pl\/","title":{"rendered":"Projekty"},"content":{"rendered":"\n<div class=\"wp-block-media-text is-stacked-on-mobile\"><figure class=\"wp-block-media-text__media\"><img loading=\"lazy\" decoding=\"async\" width=\"1024\" height=\"1024\" src=\"https:\/\/piekielnica.pl\/wp-content\/uploads\/2025\/09\/Tour_de_Paluki_instagram-1024x1024.jpg\" alt=\"\" class=\"wp-image-8 size-full\" srcset=\"https:\/\/piekielnica.pl\/wp-content\/uploads\/2025\/09\/Tour_de_Paluki_instagram-1024x1024.jpg 1024w, https:\/\/piekielnica.pl\/wp-content\/uploads\/2025\/09\/Tour_de_Paluki_instagram-300x300.jpg 300w, https:\/\/piekielnica.pl\/wp-content\/uploads\/2025\/09\/Tour_de_Paluki_instagram-150x150.jpg 150w, https:\/\/piekielnica.pl\/wp-content\/uploads\/2025\/09\/Tour_de_Paluki_instagram-768x768.jpg 768w, https:\/\/piekielnica.pl\/wp-content\/uploads\/2025\/09\/Tour_de_Paluki_instagram-1080x1080.jpg 1080w, https:\/\/piekielnica.pl\/wp-content\/uploads\/2025\/09\/Tour_de_Paluki_instagram.jpg 1200w\" sizes=\"auto, (max-width: 1024px) 100vw, 1024px\" \/><\/figure><div class=\"wp-block-media-text__content\">\n<p class=\"has-black-color has-text-color has-link-color has-medium-font-size wp-elements-29dfcfab4ea32a084c5c3ed59f0ceb34\">Zapraszamy serdecznie na <strong>TOUR DE PA\u0141UKI!<\/strong><br><br>Cykl 3 wydarze\u0144 organizowanych na Pa\u0142ukach&nbsp;<br>(w W\u0105growcu, w Damas\u0142awku i w Szamocinie)&nbsp;<br>Warsztaty pie\u015bni tradycyjnych oraz pota\u0144c\u00f3wka.<\/p>\n\n\n\n<div style=\"height:46px\" aria-hidden=\"true\" class=\"wp-block-spacer\"><\/div>\n\n\n\n<p class=\"has-black-color has-text-color has-link-color has-medium-font-size wp-elements-01a0fca12c9f066e15bf70c69689c511\"><strong>Warsztaty pie\u015bni pa\u0142uckich<\/strong><br>Prowadzenie: Malwina Paszek<br><br><strong>Pota\u0144c\u00f3wka<\/strong><br>Prowadzenie: Miko\u0142aj Wo\u017aniak<\/p>\n\n\n\n<p class=\"has-small-font-size\"><\/p>\n<\/div><\/div>\n\n\n\n<p><\/p>\n","protected":false},"excerpt":{"rendered":"","protected":false},"author":1,"featured_media":0,"parent":0,"menu_order":0,"comment_status":"closed","ping_status":"closed","template":"","meta":{"footnotes":""},"class_list":["post-5","page","type-page","status-publish","hentry"],"_links":{"self":[{"href":"https:\/\/piekielnica.pl\/index.php?rest_route=\/wp\/v2\/pages\/5","targetHints":{"allow":["GET"]}}],"collection":[{"href":"https:\/\/piekielnica.pl\/index.php?rest_route=\/wp\/v2\/pages"}],"about":[{"href":"https:\/\/piekielnica.pl\/index.php?rest_route=\/wp\/v2\/types\/page"}],"author":[{"embeddable":true,"href":"https:\/\/piekielnica.pl\/index.php?rest_route=\/wp\/v2\/users\/1"}],"replies":[{"embeddable":true,"href":"https:\/\/piekielnica.pl\/index.php?rest_route=%2Fwp%2Fv2%2Fcomments&post=5"}],"version-history":[{"count":13,"href":"https:\/\/piekielnica.pl\/index.php?rest_route=\/wp\/v2\/pages\/5\/revisions"}],"predecessor-version":[{"id":62,"href":"https:\/\/piekielnica.pl\/index.php?rest_route=\/wp\/v2\/pages\/5\/revisions\/62"}],"wp:attachment":[{"href":"https:\/\/piekielnica.pl\/index.php?rest_route=%2Fwp%2Fv2%2Fmedia&parent=5"}],"curies":[{"name":"wp","href":"https:\/\/api.w.org\/{rel}","templated":true}]}}