{"id":37,"date":"2025-09-25T14:08:18","date_gmt":"2025-09-25T12:08:18","guid":{"rendered":"https:\/\/piekielnica.pl\/?page_id=37"},"modified":"2026-02-14T14:40:12","modified_gmt":"2026-02-14T13:40:12","slug":"aktualnosci","status":"publish","type":"page","link":"https:\/\/piekielnica.pl\/?page_id=37","title":{"rendered":"Aktualno\u015bci"},"content":{"rendered":"\n<p class=\"has-black-color has-text-color has-link-color wp-elements-91fbfe5402ce4786f74909dbbaf053b9\"><strong>Zapraszamy serdecznie na koncerty, pota\u0144c\u00f3wki i warsztaty <\/strong><\/p>\n\n\n\n<p class=\"has-black-color has-text-color has-link-color has-large-font-size wp-elements-9e79ae8bd1ae8ea9b5f7bafa7f3106a3\"><strong>2026<\/strong><\/p>\n\n\n\n<p class=\"has-black-color has-text-color has-link-color has-medium-font-size wp-elements-f0e7386926e3f96886cc6904ddbeb042\">17.02 Podkozio\u0142ek w Siedleczku, godz. 18:00-22:00 <\/p>\n\n\n\n<div style=\"height:46px\" aria-hidden=\"true\" class=\"wp-block-spacer\"><\/div>\n\n\n\n<p class=\"has-black-color has-text-color has-link-color has-large-font-size wp-elements-667a5dd6f94896684e72709a6590f8a9\"><strong>2025<\/strong><\/p>\n\n\n\n<p class=\"has-black-color has-text-color has-link-color has-medium-font-size wp-elements-164d7cb38a72c1331090b5205d1bc471\">26. 09 <a href=\"https:\/\/www.facebook.com\/events\/2563932920637594\">Tour de Pa\u0142uki \/ Warsztaty pie\u015bni pa\u0142uckich + pota\u0144c\u00f3wka Piekielnica \/ W\u0105growiec<\/a><\/p>\n\n\n\n<p class=\"has-black-color has-text-color has-link-color has-medium-font-size wp-elements-58a95443eadaad7e6ba3cf314746d084\">27. 09 <a href=\"https:\/\/www.facebook.com\/events\/1549257396481357\">Tour de Pa\u0142uki\/ Warsztaty pie\u015bni pa\u0142uckich + pota\u0144c\u00f3wka Piekielnica \/ Damas\u0142awek<\/a><\/p>\n\n\n\n<p class=\"has-black-color has-text-color has-link-color has-medium-font-size wp-elements-47b42d3768ec789cad2d3c70357cdeaf\">28..09 <a href=\"https:\/\/www.facebook.com\/events\/9947498848684278\">Tour de Pa\u0142uki\/ Warsztaty pie\u015bni pa\u0142uckich + pota\u0144c\u00f3wka Piekielnica \/ Szamocin<\/a><\/p>\n\n\n\n<p><\/p>\n","protected":false},"excerpt":{"rendered":"<p>Zapraszamy serdecznie na koncerty, pota\u0144c\u00f3wki i warsztaty 2026 17.02 Podkozio\u0142ek w Siedleczku, godz. 18:00-22:00 2025 26. 09 Tour de Pa\u0142uki \/ Warsztaty pie\u015bni pa\u0142uckich + pota\u0144c\u00f3wka Piekielnica \/ W\u0105growiec 27. 09 Tour de Pa\u0142uki\/ Warsztaty pie\u015bni pa\u0142uckich + pota\u0144c\u00f3wka Piekielnica \/ Damas\u0142awek 28..09 Tour de Pa\u0142uki\/ Warsztaty pie\u015bni pa\u0142uckich + pota\u0144c\u00f3wka Piekielnica \/ Szamocin<\/p>\n","protected":false},"author":1,"featured_media":0,"parent":0,"menu_order":0,"comment_status":"closed","ping_status":"closed","template":"","meta":{"footnotes":""},"class_list":["post-37","page","type-page","status-publish","hentry"],"_links":{"self":[{"href":"https:\/\/piekielnica.pl\/index.php?rest_route=\/wp\/v2\/pages\/37","targetHints":{"allow":["GET"]}}],"collection":[{"href":"https:\/\/piekielnica.pl\/index.php?rest_route=\/wp\/v2\/pages"}],"about":[{"href":"https:\/\/piekielnica.pl\/index.php?rest_route=\/wp\/v2\/types\/page"}],"author":[{"embeddable":true,"href":"https:\/\/piekielnica.pl\/index.php?rest_route=\/wp\/v2\/users\/1"}],"replies":[{"embeddable":true,"href":"https:\/\/piekielnica.pl\/index.php?rest_route=%2Fwp%2Fv2%2Fcomments&post=37"}],"version-history":[{"count":8,"href":"https:\/\/piekielnica.pl\/index.php?rest_route=\/wp\/v2\/pages\/37\/revisions"}],"predecessor-version":[{"id":84,"href":"https:\/\/piekielnica.pl\/index.php?rest_route=\/wp\/v2\/pages\/37\/revisions\/84"}],"wp:attachment":[{"href":"https:\/\/piekielnica.pl\/index.php?rest_route=%2Fwp%2Fv2%2Fmedia&parent=37"}],"curies":[{"name":"wp","href":"https:\/\/api.w.org\/{rel}","templated":true}]}}