{"id":13,"date":"2025-09-25T13:55:12","date_gmt":"2025-09-25T11:55:12","guid":{"rendered":"https:\/\/piekielnica.pl\/?page_id=13"},"modified":"2025-09-25T13:58:39","modified_gmt":"2025-09-25T11:58:39","slug":"o-nas","status":"publish","type":"page","link":"https:\/\/piekielnica.pl\/?page_id=13","title":{"rendered":"O nas"},"content":{"rendered":"\n<p class=\"has-black-color has-text-color has-link-color wp-elements-2edbee4e4eaaedaf612843483d14c281\">&nbsp;\ud835\udde3\ud835\uddf6\ud835\uddf2\ud835\uddf8\ud835\uddf6\ud835\uddf2\ud835\uddf9\ud835\uddfb\ud835\uddf6\ud835\uddf0\ud835\uddee to grupa pasjonat\u00f3w muzyki pa\u0142uckiej. Zawi\u0105za\u0142a si\u0119 jako pok\u0142osie si\u00f3dmej edycji projektu \u201ePrad\u017awi\u0119ki\u201d \u2013 biskupi\u0144skich warsztat\u00f3w muzycznych zrealizowanych w pa\u017adzierniku 2019 roku w Biskupinie. W swoim repertuarze zesp\u00f3\u0142 posiada tradycyjne pie\u015bni pa\u0142uckie, kt\u00f3re wykonuje ze staranno\u015bci\u0105 zachowania oryginalnego tekstu i melodii. W trakcie koncert\u00f3w wyst\u0119puje przy akompaniamencie b\u0119benka, alt\u00f3wki oraz flet\u00f3w wykonywanych przez cz\u0142onka zespo\u0142u &#8211; <strong>Paw\u0142a Kawczy\u0144skiego<\/strong>. Na alt\u00f3wce graj\u0105:<strong> Izabela Dudek<\/strong> i <strong>Elwira Wr\u00f3bel<\/strong>. Za wyb\u00f3r pie\u015bni odpowiedzialna jest <strong>Malwina Paszek<\/strong>. Zesp\u00f3\u0142 aktywnie koncertuje po ca\u0142ych Pa\u0142ukach, na Kujawach i w Wielkopolsce.<\/p>\n\n\n\n<p class=\"has-black-color has-text-color has-link-color wp-elements-4c45deb0d064f646eff81290cc84f05d\">Sk\u0142ad zespo\u0142u:<br>Magdalena Zawol, Ma\u0142gorzata Zduniak, Monika Andruszkiewicz, Agnieszka Spychalska, Aleksandra Klimas, Agata Redman, Iga Fabiszak, Malwina Paszek oraz Pawe\u0142 Kawczy\u0144ski. <br><\/p>\n\n\n\n<figure class=\"wp-block-image size-large\"><img loading=\"lazy\" decoding=\"async\" width=\"1024\" height=\"768\" src=\"https:\/\/piekielnica.pl\/wp-content\/uploads\/2025\/09\/Piekielnica_fot_1__Szymon_Konrad-1024x768.jpg\" alt=\"\" class=\"wp-image-14\" srcset=\"https:\/\/piekielnica.pl\/wp-content\/uploads\/2025\/09\/Piekielnica_fot_1__Szymon_Konrad-1024x768.jpg 1024w, https:\/\/piekielnica.pl\/wp-content\/uploads\/2025\/09\/Piekielnica_fot_1__Szymon_Konrad-300x225.jpg 300w, https:\/\/piekielnica.pl\/wp-content\/uploads\/2025\/09\/Piekielnica_fot_1__Szymon_Konrad-768x576.jpg 768w, https:\/\/piekielnica.pl\/wp-content\/uploads\/2025\/09\/Piekielnica_fot_1__Szymon_Konrad-1536x1152.jpg 1536w, https:\/\/piekielnica.pl\/wp-content\/uploads\/2025\/09\/Piekielnica_fot_1__Szymon_Konrad-2048x1536.jpg 2048w, https:\/\/piekielnica.pl\/wp-content\/uploads\/2025\/09\/Piekielnica_fot_1__Szymon_Konrad-1440x1080.jpg 1440w\" sizes=\"auto, (max-width: 1024px) 100vw, 1024px\" \/><figcaption class=\"wp-element-caption\">fot. Szymon Konrad<\/figcaption><\/figure>\n","protected":false},"excerpt":{"rendered":"<p>&nbsp;\ud835\udde3\ud835\uddf6\ud835\uddf2\ud835\uddf8\ud835\uddf6\ud835\uddf2\ud835\uddf9\ud835\uddfb\ud835\uddf6\ud835\uddf0\ud835\uddee to grupa pasjonat\u00f3w muzyki pa\u0142uckiej. Zawi\u0105za\u0142a si\u0119 jako pok\u0142osie si\u00f3dmej edycji projektu \u201ePrad\u017awi\u0119ki\u201d \u2013 biskupi\u0144skich warsztat\u00f3w muzycznych zrealizowanych w pa\u017adzierniku 2019 roku w Biskupinie. W swoim repertuarze zesp\u00f3\u0142 posiada tradycyjne pie\u015bni pa\u0142uckie, kt\u00f3re wykonuje ze staranno\u015bci\u0105 zachowania oryginalnego tekstu i melodii. W trakcie koncert\u00f3w wyst\u0119puje przy akompaniamencie b\u0119benka, alt\u00f3wki oraz flet\u00f3w wykonywanych przez cz\u0142onka&hellip; <br \/> <a class=\"read-more\" href=\"https:\/\/piekielnica.pl\/?page_id=13\">Read more<\/a><\/p>\n","protected":false},"author":1,"featured_media":0,"parent":0,"menu_order":0,"comment_status":"closed","ping_status":"closed","template":"","meta":{"footnotes":""},"class_list":["post-13","page","type-page","status-publish","hentry"],"_links":{"self":[{"href":"https:\/\/piekielnica.pl\/index.php?rest_route=\/wp\/v2\/pages\/13","targetHints":{"allow":["GET"]}}],"collection":[{"href":"https:\/\/piekielnica.pl\/index.php?rest_route=\/wp\/v2\/pages"}],"about":[{"href":"https:\/\/piekielnica.pl\/index.php?rest_route=\/wp\/v2\/types\/page"}],"author":[{"embeddable":true,"href":"https:\/\/piekielnica.pl\/index.php?rest_route=\/wp\/v2\/users\/1"}],"replies":[{"embeddable":true,"href":"https:\/\/piekielnica.pl\/index.php?rest_route=%2Fwp%2Fv2%2Fcomments&post=13"}],"version-history":[{"count":11,"href":"https:\/\/piekielnica.pl\/index.php?rest_route=\/wp\/v2\/pages\/13\/revisions"}],"predecessor-version":[{"id":25,"href":"https:\/\/piekielnica.pl\/index.php?rest_route=\/wp\/v2\/pages\/13\/revisions\/25"}],"wp:attachment":[{"href":"https:\/\/piekielnica.pl\/index.php?rest_route=%2Fwp%2Fv2%2Fmedia&parent=13"}],"curies":[{"name":"wp","href":"https:\/\/api.w.org\/{rel}","templated":true}]}}